{"id":2,"date":"2008-10-01T18:39:42","date_gmt":"2008-10-01T16:39:42","guid":{"rendered":"http:\/\/www.kulturtechno.de\/?page_id=2"},"modified":"2021-07-11T11:10:21","modified_gmt":"2021-07-11T09:10:21","slug":"ueber","status":"publish","type":"page","link":"http:\/\/www.kulturtechno.de\/?page_id=2","title":{"rendered":"Impressum\/Linktipp"},"content":{"rendered":"<p>Blog von Johannes Kreidler \u00fcber eigene und andere Kunst, neue Technologie und ihre Politik.<\/p>\n<p>inhaltlich verantwortlich:<br \/>\n<a href=\"http:\/\/www.kreidler-net.de\"> www.kreidler-net.de<\/a><\/p>\n<p>Linktipps f\u00fcr Beitr\u00e4ge k\u00f6nnen mir gerne geschrieben werden:<\/p>\n<p><img loading=\"lazy\" decoding=\"async\" class=\"alignleft size-full wp-image-31\" title=\"kontaktmail\" src=\"http:\/\/kulturtechno.de\/images\/kontaktmail.gif\" alt=\"\" width=\"119\" height=\"14\" \/><\/p>\n<p>&nbsp;<\/p>\n<p>Orthographie etc. sind in diesem Blog manchmal abweichend ;)<\/p>\n<p><strong>Kreidler@Web2.0:<\/strong><\/p>\n<p><a href=\"http:\/\/www.facebook.com\/people\/Johannes-Kreidler\/1443602284\" target=\"_blank\">Facebook<\/a><br \/>\n<a href=\"http:\/\/twitter.com\/_Kreidler\" target=\"_blank\">Twitter<\/a><\/p>\n<p>Auf diesem Blog sind keinerlei Werbung oder sonstige monet\u00e4re Einnahmesysteme implementiert.<br \/>\nDatenschutzerkl\u00e4rung: Auf dieser Webseite werden keinerlei personenbezogene Daten erhoben, gespeichert oder verarbeitet.<\/p>\n<p><strong>Webdesign:<\/strong><\/p>\n<p><a href=\"http:\/\/himbeergeist.net\/\" target=\"_blank\">_himbeergeist<\/a>: Leowee Polyester 2008<\/p>\n<p><strong>Haftungsausschluss:<\/strong><\/p>\n<p>Der Betreiber dieser Website \u00fcbernimmt keine Haftung f\u00fcr die Inhalte  externer Links. F\u00fcr den Inhalt der verlinkten Seiten sind ausschlie\u00dflich  deren Betreiber verantwortlich.<\/p>\n<p><strong>InternetService:<\/strong><\/p>\n<p><a href=\"http:\/\/media4art.de\" target=\"_blank\"><img loading=\"lazy\" decoding=\"async\" class=\"size-full wp-image-16 alignleft\" style=\"margin-right: 15px;\" title=\"media4art | InternetService f\u00fcr Kunst &amp; Kultur\" src=\"http:\/\/kulturtechno.de\/images\/schach_80x80.jpg\" alt=\"\" width=\"38\" height=\"38\" \/><\/a><a title=\"Powered by WordPress\" href=\"http:\/\/wordpress.org\/\" target=\"_blank\">WordPress<\/a> <a title=\"Based on original WordPress Theme F2 from SriniG\" href=\"http:\/\/srinig.com\/wordpress\/themes\/f2\/\" target=\"_blank\">Theme F2<\/a><a title=\"Layout by Leowee Polyester\" href=\"http:\/\/himbeergeist.net\/\" target=\"_blank\">_himbeergeist<\/a><br \/>\nby <a title=\"InternetService f\u00fcr Kunst &amp; Kultur\" href=\"http:\/\/media4art.de\/\" target=\"_blank\">media4art<\/a><\/p>\n","protected":false},"excerpt":{"rendered":"<p>Blog von Johannes Kreidler \u00fcber eigene und andere Kunst, neue Technologie und ihre Politik. inhaltlich verantwortlich: www.kreidler-net.de Linktipps f\u00fcr Beitr\u00e4ge k\u00f6nnen mir gerne geschrieben werden: &nbsp; Orthographie etc. sind in diesem Blog manchmal abweichend ;) Kreidler@Web2.0: Facebook Twitter Auf diesem Blog sind keinerlei Werbung oder sonstige monet\u00e4re Einnahmesysteme implementiert. Datenschutzerkl\u00e4rung: Auf dieser Webseite werden keinerlei [&hellip;]<\/p>\n","protected":false},"author":1,"featured_media":0,"parent":0,"menu_order":10,"comment_status":"closed","ping_status":"closed","template":"","meta":{"_links_to":"","_links_to_target":"","footnotes":""},"class_list":["post-2","page","type-page","status-publish","hentry"],"_links":{"self":[{"href":"http:\/\/www.kulturtechno.de\/index.php?rest_route=\/wp\/v2\/pages\/2"}],"collection":[{"href":"http:\/\/www.kulturtechno.de\/index.php?rest_route=\/wp\/v2\/pages"}],"about":[{"href":"http:\/\/www.kulturtechno.de\/index.php?rest_route=\/wp\/v2\/types\/page"}],"author":[{"embeddable":true,"href":"http:\/\/www.kulturtechno.de\/index.php?rest_route=\/wp\/v2\/users\/1"}],"replies":[{"embeddable":true,"href":"http:\/\/www.kulturtechno.de\/index.php?rest_route=%2Fwp%2Fv2%2Fcomments&post=2"}],"version-history":[{"count":39,"href":"http:\/\/www.kulturtechno.de\/index.php?rest_route=\/wp\/v2\/pages\/2\/revisions"}],"predecessor-version":[{"id":23741,"href":"http:\/\/www.kulturtechno.de\/index.php?rest_route=\/wp\/v2\/pages\/2\/revisions\/23741"}],"wp:attachment":[{"href":"http:\/\/www.kulturtechno.de\/index.php?rest_route=%2Fwp%2Fv2%2Fmedia&parent=2"}],"curies":[{"name":"wp","href":"https:\/\/api.w.org\/{rel}","templated":true}]}}